{"id":102,"date":"2021-04-20T08:08:35","date_gmt":"2021-04-20T08:08:35","guid":{"rendered":"https:\/\/gromm.pt?page_id=102"},"modified":"2023-08-17T15:52:07","modified_gmt":"2023-08-17T15:52:07","slug":"services","status":"publish","type":"page","link":"https:\/\/gromm.pt\/en\/services\/","title":{"rendered":"Our Services"},"content":{"rendered":"<div data-elementor-type=\"wp-page\" data-elementor-id=\"102\" class=\"elementor elementor-102\">\n\t\t\t\t\t\t<section class=\"elementor-section elementor-top-section elementor-element elementor-element-34dc614 elementor-section-full_width elementor-section-height-default elementor-section-height-default\" data-id=\"34dc614\" data-element_type=\"section\">\n\t\t\t\t\t\t<div class=\"elementor-container elementor-column-gap-no\">\n\t\t\t\t\t<div class=\"elementor-column elementor-col-100 elementor-top-column elementor-element elementor-element-528b19a\" data-id=\"528b19a\" data-element_type=\"column\">\n\t\t\t<div class=\"elementor-widget-wrap elementor-element-populated\">\n\t\t\t\t\t\t<div class=\"elementor-element elementor-element-4402514 elementor-widget elementor-widget-our_services\" data-id=\"4402514\" data-element_type=\"widget\" data-widget_type=\"our_services.default\">\n\t\t\t\t<div class=\"elementor-widget-container\">\n\t\t\t\t\t\t<!-- Services Section -->\n\t\t\t<section class=\"services-section style-two\">\n\t\t\t\t<div class=\"auto-container\">\n\t\t\t\t\t<div class=\"row\">\n\t\t\t\t\t\t\t\t\t\t\t\t\t<div class=\"col-lg-4 col-md-6 service-block\">\n\t\t\t\t\t\t\t\t<div class=\"inner-box\">\n\t\t\t\t\t\t\t\t\t<div class=\"image\"><span class=\"border-shape\"><\/span>\n\t\t\t\t\t\t\t\t\t\t<img fetchpriority=\"high\" decoding=\"async\" width=\"370\" height=\"323\" src=\"https:\/\/gromm.pt\/wp-content\/uploads\/2023\/08\/rsz_1whatsapp_image_2023-08-14_at_90817_pm_2.jpg\" class=\"attachment-full size-full\" alt=\"\" \/>\t\t\t\t\t\t\t\t\t<\/div>\n\t\t\t\t\t\t\t\t\t<div class=\"content\">\n\t\t\t\t\t\t\t\t\t\t<h3><a href=\"https:\/\/gromm.pt\/en\/welding-services\/\"  >WELDING<\/a><\/h3>\n\t\t\t\t\t\t\t\t\t\t<div class=\"text\">Gromm has qualified professionals in all the different welding processes, each type of welding being a demanding process.<\/div>\n\t\t\t\t\t\t\t\t\t\t<div class=\"link\">\n\t\t\t\t\t\t\t\t\t\t\t<a href=\"https:\/\/gromm.pt\/en\/welding-services\/\"   class=\"theme-btn btn-style-one\"><span>More information<\/span><\/a>\n\t\t\t\t\t\t\t\t\t\t<\/div>\n\t\t\t\t\t\t\t\t\t<\/div>\n\t\t\t\t\t\t\t\t<\/div>\n\t\t\t\t\t\t\t<\/div>\n\t\t\t\t\t\t\t\t\t\t\t\t\t\t<div class=\"col-lg-4 col-md-6 service-block\">\n\t\t\t\t\t\t\t\t<div class=\"inner-box\">\n\t\t\t\t\t\t\t\t\t<div class=\"image\"><span class=\"border-shape\"><\/span>\n\t\t\t\t\t\t\t\t\t\t<img decoding=\"async\" width=\"600\" height=\"402\" src=\"https:\/\/gromm.pt\/wp-content\/uploads\/2023\/08\/WhatsApp-Image-2023-08-14-at-9.00.58-PM.jpeg\" class=\"attachment-full size-full\" alt=\"\" \/>\t\t\t\t\t\t\t\t\t<\/div>\n\t\t\t\t\t\t\t\t\t<div class=\"content\">\n\t\t\t\t\t\t\t\t\t\t<h3><a href=\"https:\/\/gromm.pt\/en\/custom-fabrication\/\"  >PREFABRIC AND ASSEMBLY<\/a><\/h3>\n\t\t\t\t\t\t\t\t\t\t<div class=\"text\">Metal structures, metal-mechanics and industrial piping: Boilers, Reactors, HVAC, ....<\/br> \u3164<\/div>\n\t\t\t\t\t\t\t\t\t\t<div class=\"link\">\n\t\t\t\t\t\t\t\t\t\t\t<a href=\"https:\/\/gromm.pt\/en\/custom-fabrication\/\"   class=\"theme-btn btn-style-one\"><span>More information<\/span><\/a>\n\t\t\t\t\t\t\t\t\t\t<\/div>\n\t\t\t\t\t\t\t\t\t<\/div>\n\t\t\t\t\t\t\t\t<\/div>\n\t\t\t\t\t\t\t<\/div>\n\t\t\t\t\t\t\t\t\t\t\t\t\t\t<div class=\"col-lg-4 col-md-6 service-block\">\n\t\t\t\t\t\t\t\t<div class=\"inner-box\">\n\t\t\t\t\t\t\t\t\t<div class=\"image\"><span class=\"border-shape\"><\/span>\n\t\t\t\t\t\t\t\t\t\t<img decoding=\"async\" width=\"370\" height=\"323\" src=\"https:\/\/gromm.pt\/wp-content\/uploads\/2023\/08\/WhatsApp-Image-2023-08-08-at-5.37.00-PM-3.jpeg\" class=\"attachment-full size-full\" alt=\"\" \/>\t\t\t\t\t\t\t\t\t<\/div>\n\t\t\t\t\t\t\t\t\t<div class=\"content\">\n\t\t\t\t\t\t\t\t\t\t<h3><a href=\"https:\/\/gromm.pt\/en\/fabrication\/\"  >REPAIR AND MAINTENANCE<\/a><\/h3>\n\t\t\t\t\t\t\t\t\t\t<div class=\"text\">We carry out maintenance on mechanical equipment, hydraulic networks, metallic structures,...<\/br> \u3164<\/div>\n\t\t\t\t\t\t\t\t\t\t<div class=\"link\">\n\t\t\t\t\t\t\t\t\t\t\t<a href=\"https:\/\/gromm.pt\/en\/fabrication\/\"   class=\"theme-btn btn-style-one\"><span>More information<\/span><\/a>\n\t\t\t\t\t\t\t\t\t\t<\/div>\n\t\t\t\t\t\t\t\t\t<\/div>\n\t\t\t\t\t\t\t\t<\/div>\n\t\t\t\t\t\t\t<\/div>\n\t\t\t\t\t\t\t\t\t\t\t\t<\/div>\n\t\t\t\t<\/div>\n\t\t\t<\/section>\n\t\t\t\t\t<\/div>\n\t\t\t\t<\/div>\n\t\t\t\t\t<\/div>\n\t\t<\/div>\n\t\t\t\t\t<\/div>\n\t\t<\/section>\n\t\t\t\t<\/div>","protected":false},"excerpt":{"rendered":"<p>SOLDADURA Gromm conta com profissionais qualificados em todos os diferentes processos de soldadura, sendo para cada tipo de soldadura um processo exigente. Mais informa\u00e7\u00e3o PR\u00c9-FABRICO E MONTAGEM Estruturas met\u00e1licas, metalmec\u00e2nicas e tubagens industriais: Caldeiras, Reatores, AVAC, &#8230;. \u3164 Mais informa\u00e7\u00e3o REPARA\u00c7\u00c3O E MANUTEN\u00c7\u00c3O Realizamos manuten\u00e7\u00f5es em equipamentos mec\u00e2nicos, redes hidr\u00e1ulicas, estruturas met\u00e1licas,&#8230; \u3164 Mais informa\u00e7\u00e3o<\/p>","protected":false},"author":1,"featured_media":30,"parent":0,"menu_order":0,"comment_status":"closed","ping_status":"closed","template":"elementor_header_footer","meta":{"footnotes":""},"class_list":["post-102","page","type-page","status-publish","has-post-thumbnail","hentry"],"_links":{"self":[{"href":"https:\/\/gromm.pt\/en\/wp-json\/wp\/v2\/pages\/102","targetHints":{"allow":["GET"]}}],"collection":[{"href":"https:\/\/gromm.pt\/en\/wp-json\/wp\/v2\/pages"}],"about":[{"href":"https:\/\/gromm.pt\/en\/wp-json\/wp\/v2\/types\/page"}],"author":[{"embeddable":true,"href":"https:\/\/gromm.pt\/en\/wp-json\/wp\/v2\/users\/1"}],"replies":[{"embeddable":true,"href":"https:\/\/gromm.pt\/en\/wp-json\/wp\/v2\/comments?post=102"}],"version-history":[{"count":67,"href":"https:\/\/gromm.pt\/en\/wp-json\/wp\/v2\/pages\/102\/revisions"}],"predecessor-version":[{"id":1674,"href":"https:\/\/gromm.pt\/en\/wp-json\/wp\/v2\/pages\/102\/revisions\/1674"}],"wp:featuredmedia":[{"embeddable":true,"href":"https:\/\/gromm.pt\/en\/wp-json\/wp\/v2\/media\/30"}],"wp:attachment":[{"href":"https:\/\/gromm.pt\/en\/wp-json\/wp\/v2\/media?parent=102"}],"curies":[{"name":"wp","href":"https:\/\/api.w.org\/{rel}","templated":true}]}}