{"id":39,"date":"2021-04-13T11:05:16","date_gmt":"2021-04-13T11:05:16","guid":{"rendered":"https:\/\/gromm.pt?page_id=39"},"modified":"2023-08-07T09:43:36","modified_gmt":"2023-08-07T09:43:36","slug":"about-us","status":"publish","type":"page","link":"https:\/\/gromm.pt\/en\/about-us\/","title":{"rendered":"About Us"},"content":{"rendered":"<div data-elementor-type=\"wp-page\" data-elementor-id=\"39\" class=\"elementor elementor-39\">\n\t\t\t\t\t\t<section class=\"elementor-section elementor-top-section elementor-element elementor-element-82f660c elementor-section-full_width elementor-section-height-default elementor-section-height-default\" data-id=\"82f660c\" data-element_type=\"section\">\n\t\t\t\t\t\t<div class=\"elementor-container elementor-column-gap-no\">\n\t\t\t\t\t<div class=\"elementor-column elementor-col-100 elementor-top-column elementor-element elementor-element-c9c658d\" data-id=\"c9c658d\" data-element_type=\"column\">\n\t\t\t<div class=\"elementor-widget-wrap elementor-element-populated\">\n\t\t\t\t\t\t<div class=\"elementor-element elementor-element-e0edf58 elementor-widget elementor-widget-welcome_section\" data-id=\"e0edf58\" data-element_type=\"widget\" data-widget_type=\"welcome_section.default\">\n\t\t\t\t<div class=\"elementor-widget-container\">\n\t\t\t\t\t\t<section class=\"welcome-section-three\">\n\t\t\t\t<div class=\"auto-container\">\n\t\t\t\t\t<div class=\"row\">\n\t\t\t\t\t\t<div class=\"col-lg-6\">\n\t\t\t\t\t\t\t<div class=\"image-wrapper\">\n\t\t\t\t\t\t\t\t<div class=\"image-one\">\n\t\t\t\t\t\t\t\t\t<img fetchpriority=\"high\" decoding=\"async\" width=\"592\" height=\"674\" src=\"https:\/\/gromm.pt\/wp-content\/uploads\/2021\/04\/image-8.jpg\" class=\"attachment-full size-full\" alt=\"\" \/>\t\t\t\t\t\t\t\t\t<div class=\"experience-years\">\n\t\t\t\t\t\t\t\t\t\t<div class=\"icon\"><\/div>\n\t\t\t\t\t\t\t\t\t\t<h4><\/h4>\n\t\t\t\t\t\t\t\t\t<\/div>\n\t\t\t\t\t\t\t\t<\/div>\n\t\t\t\t\t\t\t<\/div>\n\t\t\t\t\t\t<\/div>\n\t\t\t\t\t\t<div class=\"col-lg-6\">\n\t\t\t\t\t\t\t<div class=\"content-side\">\n\t\t\t\t\t\t\t\t<div class=\"sec-title mb-30\">\n\t\t\t\t\t\t\t\t\t<div class=\"sub-title\">Welcome to Gromm<\/div>\n\t\t\t\t\t\t\t\t\t<h2>WE\u2019RE COMMITTED <br> TO QUALITY<\/h2>\n\t\t\t\t\t\t\t\t<\/div>\n\t\t\t\t\t\t\t\t<div class=\"text mb-30\">Gromm is a reference in the metalworking sector, providing highly qualified multidisciplinary industrial services\n<\/br><b>We have the best qualified workforce<\/b>\n\n<\/br>All our employees are highly qualified and certified in the areas covered by the company's activity<\/div>\n\t\t\t\t\t\t\t\t<div class=\"bottom-content\">\n\t\t\t\t\t\t\t\t\t<div class=\"row\">\n\t\t\t\t\t\t\t\t\t\t<div class=\"col-md-6\">\n\t\t\t\t\t\t\t\t\t\t\t<ul class=\"list\">\n\t\t\t\t\t\t\t\t\t\t\t\t<li>We provide 24\/7 service\n<\/li>\n<li>We meet deadlines<\/li>\t\t\t\t\t\t\t\t\t\t\t<\/ul>\n\t\t\t\t\t\t\t\t\t\t<\/div>\n\t\t\t\t\t\t\t\t\t\t<div class=\"col-md-6\">\n\t\t\t\t\t\t\t\t\t\t\t<ul class=\"list\">\n\t\t\t\t\t\t\t\t\t\t\t\t<li>We quote your project<\/li>\n  <li>We use cutting-edge technology<\/li>\t\t\t\t\t\t\t\t\t\t\t<\/ul>\n\t\t\t\t\t\t\t\t\t\t<\/div>\n\t\t\t\t\t\t\t\t\t<\/div>\n\t\t\t\t\t\t\t\t\t<div class=\"progress-levels\">\n\t\t\t\t\t\t\t\t\t\t<!--Skill Box-->\n\t\t\t\t\t\t\t\t\t\t\t\t\t\t\t\t\t\t\t\t\t<div class=\"progress-box\">\n\t\t\t\t\t\t\t\t\t\t\t\t<h5><\/h5>\n\t\t\t\t\t\t\t\t\t\t\t\t<div class=\"inner\">\n\t\t\t\t\t\t\t\t\t\t\t\t\t<div class=\"bar\">\n\t\t\t\t\t\t\t\t\t\t\t\t\t\t<div class=\"bar-innner\">\n\t\t\t\t\t\t\t\t\t\t\t\t\t\t\t<div class=\"bar-fill\" data-percent=\"100\">\n\t\t\t\t\t\t\t\t\t\t\t\t\t\t\t\t<div class=\"percent\"><\/div>\n\t\t\t\t\t\t\t\t\t\t\t\t\t\t\t<\/div>\n\t\t\t\t\t\t\t\t\t\t\t\t\t\t<\/div>\n\t\t\t\t\t\t\t\t\t\t\t\t\t<\/div>\n\t\t\t\t\t\t\t\t\t\t\t\t<\/div>\n\t\t\t\t\t\t\t\t\t\t\t<\/div>\n\t\t\t\t\t\t\t\t\t\t\t\t\t\t\t\t\t\t\t\t<!--Skill Box-->\n\t\t\t\t\t\t\t\t\t<\/div>\n\t\t\t\t\t\t\t\t<\/div>\n\t\t\t\t\t\t\t<\/div>\n\t\t\t\t\t\t<\/div>\n\t\t\t\t\t<\/div>\n\t\t\t\t<\/div>\n\t\t\t<\/section>\n\t\t<\/div>\n\t\t\t\t<\/div>\n\t\t\t\t\t<\/div>\n\t\t<\/div>\n\t\t\t\t\t<\/div>\n\t\t<\/section>\n\t\t\t\t<section class=\"elementor-section elementor-top-section elementor-element elementor-element-ea55d92 elementor-section-full_width elementor-section-height-default elementor-section-height-default\" data-id=\"ea55d92\" data-element_type=\"section\">\n\t\t\t\t\t\t<div class=\"elementor-container elementor-column-gap-no\">\n\t\t\t\t\t<div class=\"elementor-column elementor-col-100 elementor-top-column elementor-element elementor-element-5bc2416\" data-id=\"5bc2416\" data-element_type=\"column\">\n\t\t\t<div class=\"elementor-widget-wrap elementor-element-populated\">\n\t\t\t\t\t\t<div class=\"elementor-element elementor-element-fb6aae2 elementor-widget elementor-widget-our_fun_facts\" data-id=\"fb6aae2\" data-element_type=\"widget\" data-widget_type=\"our_fun_facts.default\">\n\t\t\t\t<div class=\"elementor-widget-container\">\n\t\t\t\t\t<section class=\"facts-section\" style=\"background-image: url(https:\/\/gromm.pt\/wp-content\/uploads\/2021\/04\/bg-3.jpg);\">\n\t\t\t<div class=\"auto-container\">\n\t\t\t\t<div class=\"row\">\n\t\t\t\t\t<div class=\"col-xl-7 offset-xl-5\">\n\t\t\t\t\t\t<div class=\"wrapper-box\">\n\t\t\t\t\t\t\t<div class=\"sec-title light mb-40\">\n\t\t\t\t\t\t\t\t<div class=\"sub-title\">Fun Facts<\/div>\n\t\t\t\t\t\t\t\t<h2>DREAM IT, WE CAN <br>BUILD IT <\/h2>\n\t\t\t\t\t\t\t<\/div>\n\t\t\t\t\t\t\t<div class=\"text\">We cater to your needs.<\/div>\n\t\t\t\t\t\t\t<div class=\"facts-area\">\n\t\t\t\t\t\t\t\t<div class=\"row\">\n\t\t\t\t\t\t\t\t\t<!--Column-->\n\t\t\t\t\t\t\t\t\t\t\t\t\t\t\t\t\t\t\t<div class=\"column counter-column col-md-4\">\n\t\t\t\t\t\t\t\t\t\t\t<div class=\"inner\">\n\t\t\t\t\t\t\t\t\t\t\t\t<div class=\"content\">\n\t\t\t\t\t\t\t\t\t\t\t\t\t<div class=\"count-outer count-box\">\n\t\t\t\t\t\t\t\t\t\t\t\t\t\t<span class=\"count-text\" data-speed=\"3000\" data-stop=\"107\">0<\/span>\n\t\t\t\t\t\t\t\t\t\t\t\t\t<\/div>\n\t\t\t\t\t\t\t\t\t\t\t\t\t<div class=\"fact-text\">Projects <br> Completed<\/div>\n\t\t\t\t\t\t\t\t\t\t\t\t<\/div>\n\t\t\t\t\t\t\t\t\t\t\t<\/div>\n\t\t\t\t\t\t\t\t\t\t<\/div>\n\t\t\t\t\t\t\t\t\t\t\t\t\t\t\t\t\t\t\t<div class=\"column counter-column col-md-4\">\n\t\t\t\t\t\t\t\t\t\t\t<div class=\"inner\">\n\t\t\t\t\t\t\t\t\t\t\t\t<div class=\"content\">\n\t\t\t\t\t\t\t\t\t\t\t\t\t<div class=\"count-outer count-box\">\n\t\t\t\t\t\t\t\t\t\t\t\t\t\t<span class=\"count-text\" data-speed=\"3000\" data-stop=\"210\">0<\/span>\n\t\t\t\t\t\t\t\t\t\t\t\t\t<\/div>\n\t\t\t\t\t\t\t\t\t\t\t\t\t<div class=\"fact-text\">Satisfied <br> Clients<\/div>\n\t\t\t\t\t\t\t\t\t\t\t\t<\/div>\n\t\t\t\t\t\t\t\t\t\t\t<\/div>\n\t\t\t\t\t\t\t\t\t\t<\/div>\n\t\t\t\t\t\t\t\t\t\t\t\t\t\t\t\t\t\t<!--Column-->\n\t\t\t\t\t\t\t\t<\/div>\n\t\t\t\t\t\t\t<\/div>\n\t\t\t\t\t\t<\/div>\n\t\t\t\t\t<\/div>\n\t\t\t\t<\/div>\n\t\t\t<\/div>\n\t\t<\/section>\n\t\t<\/div>\n\t\t\t\t<\/div>\n\t\t\t\t\t<\/div>\n\t\t<\/div>\n\t\t\t\t\t<\/div>\n\t\t<\/section>\n\t\t\t\t<section class=\"elementor-section elementor-top-section elementor-element elementor-element-2aa61e4 elementor-section-full_width elementor-section-height-default elementor-section-height-default\" data-id=\"2aa61e4\" data-element_type=\"section\">\n\t\t\t\t\t\t<div class=\"elementor-container elementor-column-gap-no\">\n\t\t\t\t\t<div class=\"elementor-column elementor-col-100 elementor-top-column elementor-element elementor-element-77303fe\" data-id=\"77303fe\" data-element_type=\"column\">\n\t\t\t<div class=\"elementor-widget-wrap elementor-element-populated\">\n\t\t\t\t\t\t<div class=\"elementor-element elementor-element-a2e9ec0 elementor-widget elementor-widget-cta\" data-id=\"a2e9ec0\" data-element_type=\"widget\" data-widget_type=\"cta.default\">\n\t\t\t\t<div class=\"elementor-widget-container\">\n\t\t\t\t\t<section class=\"cta-section\">\n\t\t\t<div class=\"auto-container\">\n\t\t\t\t<div class=\"wrapper-box\">\n\t\t\t\t\t<h3>Looking for a quality project <\/BR>AFFORDABLE PROJECT?<\/h3>\n\t\t\t\t\t<div class=\"link\">\n\t\t\t\t\t\t<a href=\"https:\/\/gromm.pt\/en\/contact\/\"   class=\"theme-btn btn-style-one\"><span>Contact Us<\/span><\/a>\n\t\t\t\t\t<\/div>\n\t\t\t\t<\/div>\n\t\t\t<\/div>\n\t\t<\/section>\n\t\t<\/div>\n\t\t\t\t<\/div>\n\t\t\t\t\t<\/div>\n\t\t<\/div>\n\t\t\t\t\t<\/div>\n\t\t<\/section>\n\t\t\t\t<\/div>","protected":false},"excerpt":{"rendered":"<p>Bem-vindo \u00e0 Gromm Estamos comprometidos Com qualidade A Gromm \u00e9 refer\u00eancia no setor metalmec\u00e2nico, prestando servi\u00e7os industriais multidisciplinares altamente qualificados Temos a m\u00e3o de obra mais qualificada Todos os nossos colaboradores s\u00e3o altamente qualificados e certificados nas \u00e1reas abrangidas pela atividade da empresa N\u00f3s fornecemos servi\u00e7o 24\/7 Cumprimos com prazos Or\u00e7amentamos o seu projeto Usamos [&hellip;]<\/p>","protected":false},"author":1,"featured_media":30,"parent":0,"menu_order":0,"comment_status":"closed","ping_status":"closed","template":"elementor_header_footer","meta":{"footnotes":""},"class_list":["post-39","page","type-page","status-publish","has-post-thumbnail","hentry"],"_links":{"self":[{"href":"https:\/\/gromm.pt\/en\/wp-json\/wp\/v2\/pages\/39","targetHints":{"allow":["GET"]}}],"collection":[{"href":"https:\/\/gromm.pt\/en\/wp-json\/wp\/v2\/pages"}],"about":[{"href":"https:\/\/gromm.pt\/en\/wp-json\/wp\/v2\/types\/page"}],"author":[{"embeddable":true,"href":"https:\/\/gromm.pt\/en\/wp-json\/wp\/v2\/users\/1"}],"replies":[{"embeddable":true,"href":"https:\/\/gromm.pt\/en\/wp-json\/wp\/v2\/comments?post=39"}],"version-history":[{"count":41,"href":"https:\/\/gromm.pt\/en\/wp-json\/wp\/v2\/pages\/39\/revisions"}],"predecessor-version":[{"id":1580,"href":"https:\/\/gromm.pt\/en\/wp-json\/wp\/v2\/pages\/39\/revisions\/1580"}],"wp:featuredmedia":[{"embeddable":true,"href":"https:\/\/gromm.pt\/en\/wp-json\/wp\/v2\/media\/30"}],"wp:attachment":[{"href":"https:\/\/gromm.pt\/en\/wp-json\/wp\/v2\/media?parent=39"}],"curies":[{"name":"wp","href":"https:\/\/api.w.org\/{rel}","templated":true}]}}