{"id":745,"date":"2021-04-25T09:53:54","date_gmt":"2021-04-25T09:53:54","guid":{"rendered":"https:\/\/gromm.pt?page_id=745"},"modified":"2023-08-19T00:34:24","modified_gmt":"2023-08-19T00:34:24","slug":"fabrication","status":"publish","type":"page","link":"https:\/\/gromm.pt\/en\/fabrication\/","title":{"rendered":"Repair And Maintenance"},"content":{"rendered":"<div data-elementor-type=\"wp-page\" data-elementor-id=\"745\" class=\"elementor elementor-745\">\n\t\t\t\t\t\t<section class=\"elementor-section elementor-top-section elementor-element elementor-element-6caa7b3d elementor-section-full_width elementor-section-height-default elementor-section-height-default\" data-id=\"6caa7b3d\" data-element_type=\"section\">\n\t\t\t\t\t\t<div class=\"elementor-container elementor-column-gap-no\">\n\t\t\t\t\t<div class=\"elementor-column elementor-col-100 elementor-top-column elementor-element elementor-element-371bd049\" data-id=\"371bd049\" data-element_type=\"column\">\n\t\t\t<div class=\"elementor-widget-wrap elementor-element-populated\">\n\t\t\t\t\t\t<div class=\"elementor-element elementor-element-f7657c4 elementor-widget elementor-widget-welbim_service_content\" data-id=\"f7657c4\" data-element_type=\"widget\" data-widget_type=\"welbim_service_content.default\">\n\t\t\t\t<div class=\"elementor-widget-container\">\n\t\t\t        <div class=\"content-side\">\n            <div class=\"image\">\n                <img fetchpriority=\"high\" decoding=\"async\" width=\"1500\" height=\"1138\" src=\"https:\/\/gromm.pt\/wp-content\/uploads\/2023\/08\/WhatsApp-Image-2023-08-14-at-9.00.20-PM.jpeg\" class=\"attachment-full size-full\" alt=\"\" \/>            <\/div>\n            <h2>REPAIR AND MAINTENANCE<\/h2>\n            <div class=\"text\">\n                <p>At GROMM, we provide repair and maintenance services designed to optimize the operation of your industrial equipment. Our experienced team takes care of:<\/p><p><strong>Mechanical Equipment:<\/strong> We solve complex issues in high-precision machinery and industrial components, restoring their performance and durability using advanced techniques.<\/p><p><strong>Hydraulic Networks:<\/strong> We solve complex issues in high-precision machinery and industrial components, restoring their performance and durability using advanced techniques.<\/p><p><strong>Industrial Insulation:<\/strong> Our expertise in customized insulation offers solutions for thermal control, noise reduction, and protection against corrosion.<\/p><p>We believe in the importance of preventive maintenance to ensure operational continuity. At GROMM, our dedication to excellence is reflected in every service we offer. Count on us to keep your industrial assets running with optimized performance and increased longevity.<\/p>            <\/div>\n            <div class=\"row mb-30\">\n                <div class=\"col-md-6\">\n                    <div class=\"image\">\n                        <img decoding=\"async\" width=\"370\" height=\"368\" src=\"https:\/\/gromm.pt\/wp-content\/uploads\/2021\/04\/image-17.jpg\" class=\"attachment-full size-full\" alt=\"\" \/>                    <\/div>\n                <\/div>\n                <div class=\"col-md-6\">\n                    <div class=\"image\">\n                                            <\/div>\n                <\/div>\n            <\/div>\n            <div class=\"service-benifit\">\n                <div class=\"row align-items-center\">\n                    <div class=\"col-lg-8\">\n                        <h3><\/h3>\n                        <div class=\"text\"><\/div>\n                    <\/div>\n                    <div class=\"col-lg-4\">\n                                                    <div class=\"icon-box\">\n                                <div class=\"icon\"><\/div>\n                                <h4><\/h4>\n                            <\/div>\n                                            <\/div>\n                <\/div>\n            <\/div>\n        <\/div>\n\t\t<\/div>\n\t\t\t\t<\/div>\n\t\t\t\t\t<\/div>\n\t\t<\/div>\n\t\t\t\t\t<\/div>\n\t\t<\/section>\n\t\t\t\t<\/div>","protected":false},"excerpt":{"rendered":"<p>REPARA\u00c7\u00c3O E MANUTEN\u00c7\u00c3O Na Gromm, oferecemos servi\u00e7os de repara\u00e7\u00e3o e manuten\u00e7\u00e3o projetados para otimizar o funcionamento dos seus equipamentos industriais. Nossa equipe experiente cuida de: Equipamentos Mec\u00e2nicos: Solucionamos problemas complexos em m\u00e1quinas de alta precis\u00e3o e componentes industriais, restaurando seu desempenho e durabilidade com t\u00e9cnicas avan\u00e7adas. Redes Hidr\u00e1ulicas: Mantemos e instalamos sistemas de tratamento e [&hellip;]<\/p>","protected":false},"author":1,"featured_media":30,"parent":0,"menu_order":0,"comment_status":"closed","ping_status":"closed","template":"","meta":{"footnotes":""},"class_list":["post-745","page","type-page","status-publish","has-post-thumbnail","hentry"],"_links":{"self":[{"href":"https:\/\/gromm.pt\/en\/wp-json\/wp\/v2\/pages\/745","targetHints":{"allow":["GET"]}}],"collection":[{"href":"https:\/\/gromm.pt\/en\/wp-json\/wp\/v2\/pages"}],"about":[{"href":"https:\/\/gromm.pt\/en\/wp-json\/wp\/v2\/types\/page"}],"author":[{"embeddable":true,"href":"https:\/\/gromm.pt\/en\/wp-json\/wp\/v2\/users\/1"}],"replies":[{"embeddable":true,"href":"https:\/\/gromm.pt\/en\/wp-json\/wp\/v2\/comments?post=745"}],"version-history":[{"count":12,"href":"https:\/\/gromm.pt\/en\/wp-json\/wp\/v2\/pages\/745\/revisions"}],"predecessor-version":[{"id":1696,"href":"https:\/\/gromm.pt\/en\/wp-json\/wp\/v2\/pages\/745\/revisions\/1696"}],"wp:featuredmedia":[{"embeddable":true,"href":"https:\/\/gromm.pt\/en\/wp-json\/wp\/v2\/media\/30"}],"wp:attachment":[{"href":"https:\/\/gromm.pt\/en\/wp-json\/wp\/v2\/media?parent=745"}],"curies":[{"name":"wp","href":"https:\/\/api.w.org\/{rel}","templated":true}]}}