{"id":98,"date":"2021-04-20T08:05:53","date_gmt":"2021-04-20T08:05:53","guid":{"rendered":"https:\/\/gromm.pt?page_id=98"},"modified":"2023-08-19T00:24:30","modified_gmt":"2023-08-19T00:24:30","slug":"home-page-01","status":"publish","type":"page","link":"https:\/\/gromm.pt\/en\/","title":{"rendered":"Home Page 01"},"content":{"rendered":"<div data-elementor-type=\"wp-page\" data-elementor-id=\"98\" class=\"elementor elementor-98\">\n\t\t\t\t\t\t<section class=\"elementor-section elementor-top-section elementor-element elementor-element-b264a35 elementor-section-full_width elementor-section-height-default elementor-section-height-default\" data-id=\"b264a35\" data-element_type=\"section\">\n\t\t\t\t\t\t<div class=\"elementor-container elementor-column-gap-no\">\n\t\t\t\t\t<div class=\"elementor-column elementor-col-100 elementor-top-column elementor-element elementor-element-25547a5\" data-id=\"25547a5\" data-element_type=\"column\">\n\t\t\t<div class=\"elementor-widget-wrap elementor-element-populated\">\n\t\t\t\t\t\t<div class=\"elementor-element elementor-element-7ba0367 elementor-widget__width-inherit elementor-widget elementor-widget-welbim_banner\" data-id=\"7ba0367\" data-element_type=\"widget\" data-widget_type=\"welbim_banner.default\">\n\t\t\t\t<div class=\"elementor-widget-container\">\n\t\t\t\t\t\t<section class=\"banner-section\">\n\t\t\t\t<div class=\"swiper-container banner-slider\">\n\t\t\t\t\t<div class=\"swiper-wrapper\">\n\t\t\t\t\t\t<!-- Slide Item -->\n\t\t\t\t\t\t\t\t\t\t\t\t\t<div class=\"swiper-slide\" style=\"background-image: url(https:\/\/gromm.pt\/wp-content\/uploads\/2021\/04\/image-1.jpg);\">\n\t\t\t\t\t\t\t\t<div class=\"content-outer\">\n\t\t\t\t\t\t\t\t\t<div class=\"content-box\">\n\t\t\t\t\t\t\t\t\t\t<div class=\"inner text-center\">\n\t\t\t\t\t\t\t\t\t\t\t<h1>We are the <br>Solution!<\/h1>\n\t\t\t\t\t\t\t\t\t\t\t<div class=\"link-box\">\n\t\t\t\t\t\t\t\t\t\t\t\t<a href=\"https:\/\/gromm.pt\/en\/about-us\/\"   class=\"theme-btn btn-style-one\"><span>Discover More<\/span><\/a>\n\t\t\t\t\t\t\t\t\t\t\t<\/div>\n\t\t\t\t\t\t\t\t\t\t<\/div>\n\t\t\t\t\t\t\t\t\t<\/div>\n\t\t\t\t\t\t\t\t<\/div>\n\t\t\t\t\t\t\t<\/div>\n\t\t\t\t\t\t\t\t\t\t\t\t<!-- Slide Item -->\n\t\t\t\t\t<\/div>\n\t\t\t\t<\/div>\n\t\t\t\t<div class=\"banner-slider-nav\">\n\t\t\t\t\t<div class=\"banner-slider-control banner-slider-button-prev\"><span><i class=\"flaticon-left-arrow\"><\/i><\/span><\/div>\n\t\t\t\t\t<div class=\"banner-slider-control banner-slider-button-next\"><span><i class=\"flaticon-left-arrow\"><\/i><\/span> <\/div>\n\t\t\t\t<\/div>\n\t\t\t<\/section>\n\t\t\t\t<\/div>\n\t\t\t\t<\/div>\n\t\t\t\t\t<\/div>\n\t\t<\/div>\n\t\t\t\t\t<\/div>\n\t\t<\/section>\n\t\t\t\t<section class=\"elementor-section elementor-top-section elementor-element elementor-element-37fbd7c elementor-section-full_width elementor-section-height-default elementor-section-height-default\" data-id=\"37fbd7c\" data-element_type=\"section\">\n\t\t\t\t\t\t<div class=\"elementor-container elementor-column-gap-no\">\n\t\t\t\t\t<div class=\"elementor-column elementor-col-100 elementor-top-column elementor-element elementor-element-109a4ff\" data-id=\"109a4ff\" data-element_type=\"column\">\n\t\t\t<div class=\"elementor-widget-wrap elementor-element-populated\">\n\t\t\t\t\t\t<div class=\"elementor-element elementor-element-56148ce elementor-widget elementor-widget-welcome_section\" data-id=\"56148ce\" data-element_type=\"widget\" data-widget_type=\"welcome_section.default\">\n\t\t\t\t<div class=\"elementor-widget-container\">\n\t\t\t\t\t\t<section class=\"welcome-section\">\n\t\t\t\t<div class=\"background-image\">\n\t\t\t\t\t<img fetchpriority=\"high\" decoding=\"async\" width=\"482\" height=\"530\" src=\"https:\/\/gromm.pt\/wp-content\/uploads\/2021\/04\/image-3.jpg\" class=\"attachment-full size-full\" alt=\"\" \/>\t\t\t\t<\/div>\n\t\t\t\t<div class=\"auto-container\">\n\t\t\t\t\t<div class=\"row\">\n\t\t\t\t\t\t<div class=\"col-lg-6\">\n\t\t\t\t\t\t\t<div class=\"image-wrapper\">\n\t\t\t\t\t\t\t\t<div class=\"image-one\">\n\t\t\t\t\t\t\t\t\t<img decoding=\"async\" width=\"1128\" height=\"1281\" src=\"https:\/\/gromm.pt\/wp-content\/uploads\/2023\/08\/IMG-20230808-WA0004.jpg\" class=\"attachment-full size-full\" alt=\"\" \/>\t\t\t\t\t\t\t\t<\/div>\n\t\t\t\t\t\t\t\t<div class=\"image-two\" data-parallax='{\"y\": 100}'>\n\t\t\t\t\t\t\t\t\t<img decoding=\"async\" width=\"500\" height=\"708\" src=\"https:\/\/gromm.pt\/wp-content\/uploads\/2023\/08\/WhatsApp-Image-2023-08-08-at-5.28.50-PM-2.jpeg\" class=\"attachment-full size-full\" alt=\"\" \/>\t\t\t\t\t\t\t\t<\/div>\n\t\t\t\t\t\t\t<\/div>\n\t\t\t\t\t\t<\/div>\n\t\t\t\t\t\t<div class=\"col-lg-6\">\n\t\t\t\t\t\t\t<div class=\"content-side\">\n\t\t\t\t\t\t\t\t<div class=\"sec-title mb-10\">\n\t\t\t\t\t\t\t\t\t<div class=\"sub-title\">Welcome to Gromm<\/div>\n\t\t\t\t\t\t\t\t\t<h2>Quality and excellence anywhere in the world<\/h2>\n\t\t\t\t\t\t\t\t<\/div>\n\t\t\t\t\t\t\t\t<div class=\"text\">Here at Gromm we are committed to providing the best quality service to our customers, taking big steps to achieve greatness and provide the best service possible.<\/div>\n\t\t\t\t\t\t\t\t<div class=\"row\">\n\t\t\t\t\t\t\t\t\t<div class=\"col-md-6\">\n\t\t\t\t\t\t\t\t\t\t<ul class=\"list\">\n\t\t\t\t\t\t\t\t\t\t\t\t\t\t\t\t\t\t\t\t\t\t\t<li>We provide 24\/7 service<\/li>\n\t\t\t\t\t\t\t\t\t\t\t\t\t\t\t\t\t\t\t\t\t\t\t<li>We meet deadlines<\/li>\n\t\t\t\t\t\t\t\t\t\t\t\t\t\t\t\t\t\t\t\t\t\t\t<li>We quote your project<\/li>\n\t\t\t\t\t\t\t\t\t\t\t\t\t\t\t\t\t\t\t\t\t\t\t<li>We use cutting-edge technology<\/li>\n\t\t\t\t\t\t\t\t\t\t\t\t\t\t\t\t\t\t\t\t\t<\/ul>\n\t\t\t\t\t\t\t\t\t<\/div>\n\t\t\t\t\t\t\t\t\t<div class=\"col-md-6\">\n\t\t\t\t\t\t\t\t\t\t\t\t\t\t\t\t\t\t\t\t\t<div class=\"icon-box\">\n\t\t\t\t\t\t\t\t\t\t\t\t<div class=\"icon\"><\/div>\n\t\t\t\t\t\t\t\t\t\t\t\t<h4><a href=\"https:\/\/gromm.pt\/en\/contact\/\" >Contact Us<\/a><\/h4>\n\t\t\t\t\t\t\t\t\t\t\t<\/div>\n\t\t\t\t\t\t\t\t\t\t\t\t\t\t\t\t\t\t\t<\/div>\n\t\t\t\t\t\t\t\t<\/div>\n\t\t\t\t\t\t\t\t<div class=\"note\">GROMM IS A SERVICE PROVIDER COMPANY TARGETED FOR THE QUALITY OF ITS WORK<br><\/div>\n\t\t\t\t\t\t\t<\/div>\n\t\t\t\t\t\t<\/div>\n\t\t\t\t\t<\/div>\n\t\t\t\t<\/div>\n\t\t\t<\/section>\n\t\t\t\t<\/div>\n\t\t\t\t<\/div>\n\t\t\t\t\t<\/div>\n\t\t<\/div>\n\t\t\t\t\t<\/div>\n\t\t<\/section>\n\t\t\t\t<section class=\"elementor-section elementor-top-section elementor-element elementor-element-cb99cf6 elementor-section-full_width elementor-section-height-default elementor-section-height-default\" data-id=\"cb99cf6\" data-element_type=\"section\">\n\t\t\t\t\t\t<div class=\"elementor-container elementor-column-gap-no\">\n\t\t\t\t\t<div class=\"elementor-column elementor-col-100 elementor-top-column elementor-element elementor-element-fa78ef5\" data-id=\"fa78ef5\" data-element_type=\"column\">\n\t\t\t<div class=\"elementor-widget-wrap elementor-element-populated\">\n\t\t\t\t\t\t<div class=\"elementor-element elementor-element-fbd4f19 elementor-widget elementor-widget-cta\" data-id=\"fbd4f19\" data-element_type=\"widget\" data-widget_type=\"cta.default\">\n\t\t\t\t<div class=\"elementor-widget-container\">\n\t\t\t\t\t<section class=\"cta-section\">\n\t\t\t<div class=\"auto-container\">\n\t\t\t\t<div class=\"wrapper-box\">\n\t\t\t\t\t<h3>Looking for a quality project <\/BR>at a competitive price?<\/h3>\n\t\t\t\t\t<div class=\"link\">\n\t\t\t\t\t\t<a href=\"https:\/\/gromm.pt\/en\/contact\/\"   class=\"theme-btn btn-style-one\"><span>Contact Us<\/span><\/a>\n\t\t\t\t\t<\/div>\n\t\t\t\t<\/div>\n\t\t\t<\/div>\n\t\t<\/section>\n\t\t<\/div>\n\t\t\t\t<\/div>\n\t\t\t\t\t<\/div>\n\t\t<\/div>\n\t\t\t\t\t<\/div>\n\t\t<\/section>\n\t\t\t\t<section class=\"elementor-section elementor-top-section elementor-element elementor-element-4bcce38 elementor-section-full_width elementor-section-height-default elementor-section-height-default\" data-id=\"4bcce38\" data-element_type=\"section\">\n\t\t\t\t\t\t<div class=\"elementor-container elementor-column-gap-no\">\n\t\t\t\t\t<div class=\"elementor-column elementor-col-100 elementor-top-column elementor-element elementor-element-e4a783b\" data-id=\"e4a783b\" data-element_type=\"column\">\n\t\t\t<div class=\"elementor-widget-wrap elementor-element-populated\">\n\t\t\t\t\t\t<div class=\"elementor-element elementor-element-2ee69ee elementor-widget elementor-widget-our_services\" data-id=\"2ee69ee\" data-element_type=\"widget\" data-widget_type=\"our_services.default\">\n\t\t\t\t<div class=\"elementor-widget-container\">\n\t\t\t\t\t\t<section class=\"services-section pb-0\">\n\t\t\t\t<div class=\"sec-bg\" style=\"background-image: url(https:\/\/gromm.pt\/wp-content\/uploads\/2021\/04\/bg-1.jpg);\"><\/div>\n\t\t\t\t<div class=\"auto-container\">\n\t\t\t\t\t<div class=\"sec-title text-center light\">\n\t\t\t\t\t\t<div class=\"sub-title\">Our Services<\/div>\n\t\t\t\t\t\t<h2>WHAT WE OFFER<\/h2>\n\t\t\t\t\t<\/div>\n\t\t\t\t\t<div class=\"row\">\n\t\t\t\t\t\t\t\t\t\t\t\t\t<div class=\"col-lg-4 col-md-6 service-block\">\n\t\t\t\t\t\t\t\t<div class=\"inner-box\">\n\t\t\t\t\t\t\t\t\t<div class=\"image\">\n\t\t\t\t\t\t\t\t\t\t<img loading=\"lazy\" decoding=\"async\" width=\"370\" height=\"323\" src=\"https:\/\/gromm.pt\/wp-content\/uploads\/2023\/08\/rsz_1whatsapp_image_2023-08-14_at_90817_pm_2.jpg\" class=\"attachment-full size-full\" alt=\"\" \/>\t\t\t\t\t\t\t\t\t<\/div>\n\t\t\t\t\t\t\t\t\t<div class=\"content\">\n\t\t\t\t\t\t\t\t\t\t<h3><a href=\"https:\/\/gromm.pt\/en\/welding-services\/\"  >WELDING<\/a><\/h3>\n\t\t\t\t\t\t\t\t\t\t<div class=\"text\">Gromm has qualified professionals in all the different welding processes, each type of welding being a demanding process.<\/div>\n\t\t\t\t\t\t\t\t\t\t<div class=\"link\">\n\t\t\t\t\t\t\t\t\t\t\t<a href=\"https:\/\/gromm.pt\/en\/welding-services\/\"   class=\"theme-btn btn-style-one\"><span>More information<\/span><\/a>\n\t\t\t\t\t\t\t\t\t\t<\/div>\n\t\t\t\t\t\t\t\t\t<\/div>\n\t\t\t\t\t\t\t\t<\/div>\n\t\t\t\t\t\t\t<\/div>\n\t\t\t\t\t\t\t\t\t\t\t\t\t\t<div class=\"col-lg-4 col-md-6 service-block\">\n\t\t\t\t\t\t\t\t<div class=\"inner-box\">\n\t\t\t\t\t\t\t\t\t<div class=\"image\">\n\t\t\t\t\t\t\t\t\t\t<img loading=\"lazy\" decoding=\"async\" width=\"600\" height=\"402\" src=\"https:\/\/gromm.pt\/wp-content\/uploads\/2023\/08\/WhatsApp-Image-2023-08-14-at-9.00.58-PM.jpeg\" class=\"attachment-full size-full\" alt=\"\" \/>\t\t\t\t\t\t\t\t\t<\/div>\n\t\t\t\t\t\t\t\t\t<div class=\"content\">\n\t\t\t\t\t\t\t\t\t\t<h3><a href=\"https:\/\/gromm.pt\/en\/custom-fabrication\/\"  >PREFABRIC AND ASSEMBLY<\/a><\/h3>\n\t\t\t\t\t\t\t\t\t\t<div class=\"text\">Metal structures, metal-mechanics and industrial piping: Boilers, Reactors, HVAC, ....<\/br> \u3164<\/div>\n\t\t\t\t\t\t\t\t\t\t<div class=\"link\">\n\t\t\t\t\t\t\t\t\t\t\t<a href=\"https:\/\/gromm.pt\/en\/custom-fabrication\/\"   class=\"theme-btn btn-style-one\"><span>More information<\/span><\/a>\n\t\t\t\t\t\t\t\t\t\t<\/div>\n\t\t\t\t\t\t\t\t\t<\/div>\n\t\t\t\t\t\t\t\t<\/div>\n\t\t\t\t\t\t\t<\/div>\n\t\t\t\t\t\t\t\t\t\t\t\t\t\t<div class=\"col-lg-4 col-md-6 service-block\">\n\t\t\t\t\t\t\t\t<div class=\"inner-box\">\n\t\t\t\t\t\t\t\t\t<div class=\"image\">\n\t\t\t\t\t\t\t\t\t\t<img loading=\"lazy\" decoding=\"async\" width=\"370\" height=\"323\" src=\"https:\/\/gromm.pt\/wp-content\/uploads\/2023\/08\/WhatsApp-Image-2023-08-08-at-5.37.00-PM-3.jpeg\" class=\"attachment-full size-full\" alt=\"\" \/>\t\t\t\t\t\t\t\t\t<\/div>\n\t\t\t\t\t\t\t\t\t<div class=\"content\">\n\t\t\t\t\t\t\t\t\t\t<h3><a href=\"https:\/\/gromm.pt\/en\/fabrication\/\"  >REPAIR AND MAINTENANCE<\/a><\/h3>\n\t\t\t\t\t\t\t\t\t\t<div class=\"text\">We carry out maintenance on mechanical equipment, hydraulic networks, metallic structures,...<\/br> \u3164<\/div>\n\t\t\t\t\t\t\t\t\t\t<div class=\"link\">\n\t\t\t\t\t\t\t\t\t\t\t<a href=\"https:\/\/gromm.pt\/en\/fabrication\/\"   class=\"theme-btn btn-style-one\"><span>More information<\/span><\/a>\n\t\t\t\t\t\t\t\t\t\t<\/div>\n\t\t\t\t\t\t\t\t\t<\/div>\n\t\t\t\t\t\t\t\t<\/div>\n\t\t\t\t\t\t\t<\/div>\n\t\t\t\t\t\t\t\t\t\t\t\t<\/div>\n\t\t\t\t<\/div>\n\t\t\t<\/section>\n\t\t\t\t\t<\/div>\n\t\t\t\t<\/div>\n\t\t\t\t\t<\/div>\n\t\t<\/div>\n\t\t\t\t\t<\/div>\n\t\t<\/section>\n\t\t\t\t<section class=\"elementor-section elementor-top-section elementor-element elementor-element-e36dd6d elementor-section-full_width elementor-section-height-default elementor-section-height-default\" data-id=\"e36dd6d\" data-element_type=\"section\">\n\t\t\t\t\t\t<div class=\"elementor-container elementor-column-gap-no\">\n\t\t\t\t\t<div class=\"elementor-column elementor-col-100 elementor-top-column elementor-element elementor-element-7e42685\" data-id=\"7e42685\" data-element_type=\"column\">\n\t\t\t<div class=\"elementor-widget-wrap\">\n\t\t\t\t\t\t\t<\/div>\n\t\t<\/div>\n\t\t\t\t\t<\/div>\n\t\t<\/section>\n\t\t\t\t<section class=\"elementor-section elementor-top-section elementor-element elementor-element-0b843af elementor-section-full_width elementor-section-height-default elementor-section-height-default\" data-id=\"0b843af\" data-element_type=\"section\">\n\t\t\t\t\t\t<div class=\"elementor-container elementor-column-gap-no\">\n\t\t\t\t\t<div class=\"elementor-column elementor-col-100 elementor-top-column elementor-element elementor-element-ef84e7e\" data-id=\"ef84e7e\" data-element_type=\"column\">\n\t\t\t<div class=\"elementor-widget-wrap\">\n\t\t\t\t\t\t\t<\/div>\n\t\t<\/div>\n\t\t\t\t\t<\/div>\n\t\t<\/section>\n\t\t\t\t<section class=\"elementor-section elementor-top-section elementor-element elementor-element-7929193 elementor-section-full_width elementor-section-height-default elementor-section-height-default\" data-id=\"7929193\" data-element_type=\"section\">\n\t\t\t\t\t\t<div class=\"elementor-container elementor-column-gap-no\">\n\t\t\t\t\t<div class=\"elementor-column elementor-col-100 elementor-top-column elementor-element elementor-element-3917216\" data-id=\"3917216\" data-element_type=\"column\">\n\t\t\t<div class=\"elementor-widget-wrap elementor-element-populated\">\n\t\t\t\t\t\t<div class=\"elementor-element elementor-element-5b06dc8 elementor-widget elementor-widget-our_fun_facts\" data-id=\"5b06dc8\" data-element_type=\"widget\" data-widget_type=\"our_fun_facts.default\">\n\t\t\t\t<div class=\"elementor-widget-container\">\n\t\t\t\t\t<section class=\"facts-section\" style=\"background-image: url(https:\/\/gromm.pt\/wp-content\/uploads\/2021\/04\/bg-3.jpg);\">\n\t\t\t<div class=\"auto-container\">\n\t\t\t\t<div class=\"row\">\n\t\t\t\t\t<div class=\"col-xl-7 offset-xl-5\">\n\t\t\t\t\t\t<div class=\"wrapper-box\">\n\t\t\t\t\t\t\t<div class=\"sec-title light mb-40\">\n\t\t\t\t\t\t\t\t<div class=\"sub-title\">Fun Facts<\/div>\n\t\t\t\t\t\t\t\t<h2>DREAM IT, WE CAN <br>BUILD IT <\/h2>\n\t\t\t\t\t\t\t<\/div>\n\t\t\t\t\t\t\t<div class=\"text\">We cater to your needs.<\/div>\n\t\t\t\t\t\t\t<div class=\"facts-area\">\n\t\t\t\t\t\t\t\t<div class=\"row\">\n\t\t\t\t\t\t\t\t\t<!--Column-->\n\t\t\t\t\t\t\t\t\t\t\t\t\t\t\t\t\t\t\t<div class=\"column counter-column col-md-4\">\n\t\t\t\t\t\t\t\t\t\t\t<div class=\"inner\">\n\t\t\t\t\t\t\t\t\t\t\t\t<div class=\"content\">\n\t\t\t\t\t\t\t\t\t\t\t\t\t<div class=\"count-outer count-box\">\n\t\t\t\t\t\t\t\t\t\t\t\t\t\t<span class=\"count-text\" data-speed=\"3000\" data-stop=\"107\">0<\/span>\n\t\t\t\t\t\t\t\t\t\t\t\t\t<\/div>\n\t\t\t\t\t\t\t\t\t\t\t\t\t<div class=\"fact-text\">Projects <br> Completed<\/div>\n\t\t\t\t\t\t\t\t\t\t\t\t<\/div>\n\t\t\t\t\t\t\t\t\t\t\t<\/div>\n\t\t\t\t\t\t\t\t\t\t<\/div>\n\t\t\t\t\t\t\t\t\t\t\t\t\t\t\t\t\t\t\t<div class=\"column counter-column col-md-4\">\n\t\t\t\t\t\t\t\t\t\t\t<div class=\"inner\">\n\t\t\t\t\t\t\t\t\t\t\t\t<div class=\"content\">\n\t\t\t\t\t\t\t\t\t\t\t\t\t<div class=\"count-outer count-box\">\n\t\t\t\t\t\t\t\t\t\t\t\t\t\t<span class=\"count-text\" data-speed=\"3000\" data-stop=\"210\">0<\/span>\n\t\t\t\t\t\t\t\t\t\t\t\t\t<\/div>\n\t\t\t\t\t\t\t\t\t\t\t\t\t<div class=\"fact-text\">Satisfied <br> Clients<\/div>\n\t\t\t\t\t\t\t\t\t\t\t\t<\/div>\n\t\t\t\t\t\t\t\t\t\t\t<\/div>\n\t\t\t\t\t\t\t\t\t\t<\/div>\n\t\t\t\t\t\t\t\t\t\t\t\t\t\t\t\t\t\t<!--Column-->\n\t\t\t\t\t\t\t\t<\/div>\n\t\t\t\t\t\t\t<\/div>\n\t\t\t\t\t\t<\/div>\n\t\t\t\t\t<\/div>\n\t\t\t\t<\/div>\n\t\t\t<\/div>\n\t\t<\/section>\n\t\t<\/div>\n\t\t\t\t<\/div>\n\t\t\t\t<div class=\"elementor-element elementor-element-4f52cd6 elementor-widget elementor-widget-our_team\" data-id=\"4f52cd6\" data-element_type=\"widget\" data-widget_type=\"our_team.default\">\n\t\t\t\t<div class=\"elementor-widget-container\">\n\t\t\t\t\t\t<section class=\"team-section\">\n\t\t\t\t<div class=\"auto-container\">\n\t\t\t\t\t<div class=\"sec-title text-center\">\n\t\t\t\t\t\t<div class=\"sub-title\">Our Certifications<\/div>\n\t\t\t\t\t\t<h2>CERTIFICATIONS THAT COUNT<\/h2>\n\t\t\t\t\t<\/div>\n\t\t\t\t\t<div class=\"row\">\n\t\t\t\t\t\t\t\t\t\t\t\t\t<div class=\"col-lg-4 col-md-6 team-block\">\n\t\t\t\t\t\t\t\t<div class=\"inner-box\">\n\t\t\t\t\t\t\t\t\t<div class=\"image\">\n\t\t\t\t\t\t\t\t\t\t\t\t\t\t\t\t\t\t\t\t\t<img decoding=\"async\" src=\"https:\/\/gromm.pt\/wp-content\/uploads\/2023\/07\/336410062_987514585507591_5582220965232214329_n-1-1.jpg\" alt=\"\">\n\t\t\t\t\t\t\t\t\t\t\t\t\t\t\t\t\t\t\t<\/div>\n\t\t\t\t\t\t\t\t\t<div class=\"content\">\n\t\t\t\t\t\t\t\t\t\t<h4>Kiwa Certification<\/h4>\n\t\t\t\t\t\t\t\t\t\t<div class=\"designation\">Safety Checklist Contractors SCC, VCA* 2017\/6.0<\/div>\n\t\t\t\t\t\t\t\t\t\t<ul class=\"social-icon\">\n\t\t\t\t\t\t\t\t\t\t\t\t\t\t\t\t\t\t\t\t\t<\/ul>\n\t\t\t\t\t\t\t\t\t<\/div>\n\t\t\t\t\t\t\t\t<\/div>\n\t\t\t\t\t\t\t<\/div>\n\t\t\t\t\t\t\t\t\t\t\t<\/div>\n\t\t\t\t<\/div>\n\t\t\t<\/section>\n\t\t<\/div>\n\t\t\t\t<\/div>\n\t\t\t\t\t<\/div>\n\t\t<\/div>\n\t\t\t\t\t<\/div>\n\t\t<\/section>\n\t\t\t\t<\/div>","protected":false},"excerpt":{"rendered":"<p>N\u00f3s somos a Solu\u00e7\u00e3o! Descobre Mais Bem vindo \u00e0 Gromm Qualidade e excel\u00eancia em qualquer lugar do mundo Aqui na Gromm temos o compromisso de oferecer o melhor servi\u00e7o de qualidade aos nossos clientes, caminhando a passos largos para alcan\u00e7ar a grandeza e prestar o melhor servi\u00e7o poss\u00edvel. N\u00f3s fornecemos servi\u00e7o 24\/7 Cumprimos com prazos [&hellip;]<\/p>","protected":false},"author":1,"featured_media":0,"parent":0,"menu_order":0,"comment_status":"closed","ping_status":"closed","template":"elementor_header_footer","meta":{"footnotes":""},"class_list":["post-98","page","type-page","status-publish","hentry"],"_links":{"self":[{"href":"https:\/\/gromm.pt\/en\/wp-json\/wp\/v2\/pages\/98","targetHints":{"allow":["GET"]}}],"collection":[{"href":"https:\/\/gromm.pt\/en\/wp-json\/wp\/v2\/pages"}],"about":[{"href":"https:\/\/gromm.pt\/en\/wp-json\/wp\/v2\/types\/page"}],"author":[{"embeddable":true,"href":"https:\/\/gromm.pt\/en\/wp-json\/wp\/v2\/users\/1"}],"replies":[{"embeddable":true,"href":"https:\/\/gromm.pt\/en\/wp-json\/wp\/v2\/comments?post=98"}],"version-history":[{"count":129,"href":"https:\/\/gromm.pt\/en\/wp-json\/wp\/v2\/pages\/98\/revisions"}],"predecessor-version":[{"id":1681,"href":"https:\/\/gromm.pt\/en\/wp-json\/wp\/v2\/pages\/98\/revisions\/1681"}],"wp:attachment":[{"href":"https:\/\/gromm.pt\/en\/wp-json\/wp\/v2\/media?parent=98"}],"curies":[{"name":"wp","href":"https:\/\/api.w.org\/{rel}","templated":true}]}}